{"id":37,"date":"2022-03-07T09:20:04","date_gmt":"2022-03-07T09:20:04","guid":{"rendered":"https:\/\/www.dubensound.cz\/?page_id=37"},"modified":"2022-05-12T14:16:56","modified_gmt":"2022-05-12T14:16:56","slug":"reference","status":"publish","type":"page","link":"https:\/\/www.dubensound.cz\/?page_id=37","title":{"rendered":"REFERENCE \/ NA\u0160I KLIENTI"},"content":{"rendered":"<p>[vc_row][vc_column][vc_empty_space height=&#8220;80px&#8220;][\/vc_column][\/vc_row][vc_section][vc_row][vc_column width=&#8220;1\/3&#8243;][gymnaz_feature_text title=&#8220;FIRMY&#8220; description=&#8220;Spr\u00e1va Pra\u017esk\u00e9ho hradu<\/p>\n<p>Mercedes Benz<\/p>\n<p>BMW<\/p>\n<p>Bohemia<\/p>\n<p>L\u2019Or\u00e9al<\/p>\n<p>Erste Bank<\/p>\n<p>\u010cSOB<\/p>\n<p>Multisonic<\/p>\n<p>Musicexport Praha<\/p>\n<p>Tsunami a dal\u0161\u00ed&#8220;][\/vc_column][vc_column width=&#8220;1\/3&#8243;][gymnaz_feature_text title=&#8220;M\u00c9DIA&#8220; description=&#8220;\u010cesk\u00e1 televize<\/p>\n<p>TV Nova<\/p>\n<p>CCN Prima News<\/p>\n<p>\u010cesk\u00fd rozhlas<br \/>\nRadio Wave<\/p>\n<p>R\u00e1dio Blan\u00edk<\/p>\n<p>R\u00e1dio Bonton<\/p>\n<p>R\u00e1dio Zlat\u00e1 Praha<\/p>\n<p>R\u00e1dio Impuls<\/p>\n<p>Evropa 2 a dal\u0161\u00ed&#8220;][\/vc_column][vc_column width=&#8220;1\/3&#8243;][gymnaz_feature_text title=&#8220;HUDBA&#8220; description=&#8220;Tata Bojs<\/p>\n<p>Tom\u00e1\u0161 Klus<\/p>\n<p>Jarom\u00edr Nohavica<\/p>\n<p>Lucie B\u00edl\u00e1<\/p>\n<p>B\u00e1ra Basikov\u00e1<\/p>\n<p>Aneta Langerov\u00e1<\/p>\n<p>Dan B\u00e1rta<\/p>\n<p>Kamil St\u0159ihavka<\/p>\n<p>The Tap Tap<\/p>\n<p>Vltava a dal\u0161\u00ed&#8220;][\/vc_column][\/vc_row][vc_row][vc_column][vc_empty_space height=&#8220;80px&#8220;][\/vc_column][\/vc_row][vc_row][vc_column][vc_single_image image=&#8220;3036&#8243; img_size=&#8220;full&#8220;][\/vc_column][\/vc_row][vc_row][vc_column][vc_empty_space height=&#8220;80px&#8220;][\/vc_column][\/vc_row][vc_row][vc_column][gymnaz_client_carousel clt_images=&#8220;3210,3202,3205,3212,3211,3203,3207,3206,3204,3208,3209&#8243;][\/vc_column][\/vc_row][\/vc_section]<\/p>\n","protected":false},"excerpt":{"rendered":"<p>[vc_row][vc_column][vc_empty_space height=&#8220;80px&#8220;][\/vc_column][\/vc_row][vc_section][vc_row][vc_column width=&#8220;1\/3&#8243;][gymnaz_feature_text title=&#8220;FIRMY&#8220; description=&#8220;Spr\u00e1va Pra\u017esk\u00e9ho hradu Mercedes Benz BMW Bohemia L\u2019Or\u00e9al Erste Bank \u010cSOB Multisonic Musicexport Praha Tsunami a dal\u0161\u00ed&#8220;][\/vc_column][vc_column width=&#8220;1\/3&#8243;][gymnaz_feature_text title=&#8220;M\u00c9DIA&#8220; description=&#8220;\u010cesk\u00e1 televize TV Nova CCN Prima News \u010cesk\u00fd rozhlas Radio Wave R\u00e1dio Blan\u00edk R\u00e1dio Bonton R\u00e1dio Zlat\u00e1 Praha R\u00e1dio Impuls Evropa 2 a dal\u0161\u00ed&#8220;][\/vc_column][vc_column width=&#8220;1\/3&#8243;][gymnaz_feature_text title=&#8220;HUDBA&#8220; description=&#8220;Tata Bojs Tom\u00e1\u0161 Klus Jarom\u00edr Nohavica [&hellip;]<\/p>\n","protected":false},"author":2,"featured_media":0,"parent":0,"menu_order":3,"comment_status":"closed","ping_status":"closed","template":"","meta":[],"_links":{"self":[{"href":"https:\/\/www.dubensound.cz\/index.php?rest_route=\/wp\/v2\/pages\/37"}],"collection":[{"href":"https:\/\/www.dubensound.cz\/index.php?rest_route=\/wp\/v2\/pages"}],"about":[{"href":"https:\/\/www.dubensound.cz\/index.php?rest_route=\/wp\/v2\/types\/page"}],"author":[{"embeddable":true,"href":"https:\/\/www.dubensound.cz\/index.php?rest_route=\/wp\/v2\/users\/2"}],"replies":[{"embeddable":true,"href":"https:\/\/www.dubensound.cz\/index.php?rest_route=%2Fwp%2Fv2%2Fcomments&post=37"}],"version-history":[{"count":92,"href":"https:\/\/www.dubensound.cz\/index.php?rest_route=\/wp\/v2\/pages\/37\/revisions"}],"predecessor-version":[{"id":3311,"href":"https:\/\/www.dubensound.cz\/index.php?rest_route=\/wp\/v2\/pages\/37\/revisions\/3311"}],"wp:attachment":[{"href":"https:\/\/www.dubensound.cz\/index.php?rest_route=%2Fwp%2Fv2%2Fmedia&parent=37"}],"curies":[{"name":"wp","href":"https:\/\/api.w.org\/{rel}","templated":true}]}}