{"id":39,"date":"2022-03-07T09:20:18","date_gmt":"2022-03-07T09:20:18","guid":{"rendered":"https:\/\/www.dubensound.cz\/?page_id=39"},"modified":"2022-05-12T02:22:22","modified_gmt":"2022-05-12T02:22:22","slug":"prodej-techniky","status":"publish","type":"page","link":"https:\/\/www.dubensound.cz\/?page_id=39","title":{"rendered":"PRODEJ TECHNIKY \/ BAZAR OD A DO Z"},"content":{"rendered":"<p>[vc_row][vc_column][vc_empty_space height=&#8220;80px&#8220;][\/vc_column][\/vc_row][vc_row][vc_column][gymnaz_heading icon_fontawesome=&#8220;fa fa-refresh&#8220; title=&#8220;Prodej pou\u017eit\u00e9 techniky&#8220; description=&#8220;Cen\u00edky prodeje zvukov\u00e9 a sv\u011bteln\u00e9 aparatury za zbytkov\u00e9 ceny&#8220;][\/vc_column][\/vc_row][vc_row][vc_column][vc_wp_text]<\/p>\n<table style=\"height: 2101px;\" width=\"975\">\n<tbody>\n<tr>\n<td colspan=\"4\" width=\"508\"><span style=\"font-family: Poppins;\">Cen\u00edk prodeje zvukov\u00e9 aparatury za zbytkov\u00e9 ceny:<\/span><\/td>\n<td width=\"87\"><\/td>\n<td width=\"76\"><\/td>\n<\/tr>\n<tr>\n<td><\/td>\n<td><\/td>\n<td><\/td>\n<td><\/td>\n<td><\/td>\n<td width=\"76\"><\/td>\n<\/tr>\n<tr>\n<td><span style=\"font-family: Poppins;\">druh<\/span><\/td>\n<td><span style=\"font-family: Poppins;\">typ<\/span><\/td>\n<td><span style=\"font-family: Poppins;\">popis<\/span><\/td>\n<td><span style=\"font-family: Poppins;\">po\u0159izovac\u00ed cena<\/span><\/td>\n<td><span style=\"font-family: Poppins;\">prodejn\u00ed cena<\/span><\/td>\n<td width=\"76\"><span style=\"font-family: Poppins;\">po\u010det<\/span><\/td>\n<\/tr>\n<tr>\n<td><span style=\"font-family: Poppins;\">mixpult+zdroj+ case<\/span><\/td>\n<td><span style=\"font-family: Poppins;\">YAMAHA M3000&nbsp;44\/16\/2<\/span><\/td>\n<td><span style=\"font-family: Poppins;\">40\/4\/16\/2<\/span><\/td>\n<td><span style=\"font-family: Poppins;\">485&nbsp;600&nbsp;K\u010d<\/span><\/td>\n<td><span style=\"font-family: Poppins;\">60000<\/span><\/td>\n<td width=\"76\"><span style=\"font-family: Poppins;\">1<\/span><\/td>\n<\/tr>\n<tr>\n<td><span style=\"font-family: Poppins;\">mixpult+zdroj+ case<\/span><\/td>\n<td><span style=\"font-family: Poppins;\">YAMAHA M2500&nbsp;44\/14\/2<\/span><\/td>\n<td><span style=\"font-family: Poppins;\">40\/4\/14\/3<\/span><\/td>\n<td><span style=\"font-family: Poppins;\">312&nbsp;940&nbsp;K\u010d<\/span><\/td>\n<td><span style=\"font-family: Poppins;\">45000<\/span><\/td>\n<td width=\"76\"><span style=\"font-family: Poppins;\">1<\/span><\/td>\n<\/tr>\n<tr>\n<td><span style=\"font-family: Poppins;\">digital mixpult+case<\/span><\/td>\n<td><span style=\"font-family: Poppins;\">Yamaha 01V96 +ADAT<\/span><\/td>\n<td><span style=\"font-family: Poppins;\">40\/8\/2 digital mix, 4x EFF<\/span><\/td>\n<td><span style=\"font-family: Poppins;\">87&nbsp;600&nbsp;K\u010d<\/span><\/td>\n<td><span style=\"font-family: Poppins;\">22000<\/span><\/td>\n<td width=\"76\"><span style=\"font-family: Poppins;\">1<\/span><\/td>\n<\/tr>\n<tr>\n<td><span style=\"font-family: Poppins;\">digital mixpult+case<\/span><\/td>\n<td><span style=\"font-family: Poppins;\">Yamaha 01V96 +ADAT<\/span><\/td>\n<td><span style=\"font-family: Poppins;\">40\/8\/2 digital mix, 4x EFF<\/span><\/td>\n<td><span style=\"font-family: Poppins;\">87&nbsp;600&nbsp;K\u010d<\/span><\/td>\n<td><span style=\"font-family: Poppins;\">18000<\/span><\/td>\n<td width=\"76\"><span style=\"font-family: Poppins;\">1<\/span><\/td>\n<\/tr>\n<tr>\n<td><span style=\"font-family: Poppins;\">digital mixpult+case<\/span><\/td>\n<td><span style=\"font-family: Poppins;\">Yamaha 01V+4ch out<\/span><\/td>\n<td><span style=\"font-family: Poppins;\">16\/2 digital mix, 2x EFF<\/span><\/td>\n<td><span style=\"font-family: Poppins;\">67&nbsp;300&nbsp;K\u010d<\/span><\/td>\n<td><span style=\"font-family: Poppins;\">12000<\/span><\/td>\n<td width=\"76\"><span style=\"font-family: Poppins;\">1<\/span><\/td>\n<\/tr>\n<tr>\n<td><span style=\"font-family: Poppins;\">p\u0159evodn\u00edk<\/span><\/td>\n<td><span style=\"font-family: Poppins;\">TASCAM<\/span><\/td>\n<td><span style=\"font-family: Poppins;\">8in + 8out X adat<\/span><\/td>\n<td><span style=\"font-family: Poppins;\">26&nbsp;800&nbsp;K\u010d<\/span><\/td>\n<td><span style=\"font-family: Poppins;\">8000<\/span><\/td>\n<td width=\"76\"><span style=\"font-family: Poppins;\">1<\/span><\/td>\n<\/tr>\n<tr>\n<td><span style=\"font-family: Poppins;\">zesilova\u010d<\/span><\/td>\n<td><span style=\"font-family: Poppins;\">Crest Pro 10001<\/span><\/td>\n<td><span style=\"font-family: Poppins;\">2&#215;5000(7500)W\/1ohm<\/span><\/td>\n<td><span style=\"font-family: Poppins;\">219&nbsp;000&nbsp;K\u010d<\/span><\/td>\n<td><span style=\"font-family: Poppins;\">28000<\/span><\/td>\n<td width=\"76\"><span style=\"font-family: Poppins;\">3<\/span><\/td>\n<\/tr>\n<tr>\n<td><span style=\"font-family: Poppins;\">zesilova\u010d<\/span><\/td>\n<td><span style=\"font-family: Poppins;\">Crown MA3600VZ<\/span><\/td>\n<td><span style=\"font-family: Poppins;\">2x1800W\/2 ohm<\/span><\/td>\n<td><span style=\"font-family: Poppins;\">123&nbsp;000&nbsp;K\u010d<\/span><\/td>\n<td><span style=\"font-family: Poppins;\">25000<\/span><\/td>\n<td width=\"76\"><span style=\"font-family: Poppins;\">4<\/span><\/td>\n<\/tr>\n<tr>\n<td><span style=\"font-family: Poppins;\">zesilova\u010d<\/span><\/td>\n<td><span style=\"font-family: Poppins;\">Crown MA2400<\/span><\/td>\n<td><span style=\"font-family: Poppins;\">2x1200W\/2 ohm<\/span><\/td>\n<td><span style=\"font-family: Poppins;\">91&nbsp;500&nbsp;K\u010d<\/span><\/td>\n<td><span style=\"font-family: Poppins;\">18000<\/span><\/td>\n<td width=\"76\"><span style=\"font-family: Poppins;\">6<\/span><\/td>\n<\/tr>\n<tr>\n<td><span style=\"font-family: Poppins;\">zesilova\u010d<\/span><\/td>\n<td><span style=\"font-family: Poppins;\">Crown MA1200<\/span><\/td>\n<td><span style=\"font-family: Poppins;\">2x500W\/2 ohm<\/span><\/td>\n<td><span style=\"font-family: Poppins;\">67&nbsp;900&nbsp;K\u010d<\/span><\/td>\n<td><span style=\"font-family: Poppins;\">12000<\/span><\/td>\n<td width=\"76\"><span style=\"font-family: Poppins;\">2<\/span><\/td>\n<\/tr>\n<tr>\n<td><span style=\"font-family: Poppins;\">zesilova\u010d<\/span><\/td>\n<td><span style=\"font-family: Poppins;\">Crown MT2400<\/span><\/td>\n<td><span style=\"font-family: Poppins;\">2x1200W\/2 ohm<\/span><\/td>\n<td><span style=\"font-family: Poppins;\">47&nbsp;500&nbsp;K\u010d<\/span><\/td>\n<td><span style=\"font-family: Poppins;\">12000<\/span><\/td>\n<td width=\"76\"><span style=\"font-family: Poppins;\">2<\/span><\/td>\n<\/tr>\n<tr>\n<td><span style=\"font-family: Poppins;\">zesilova\u010d<\/span><\/td>\n<td><span style=\"font-family: Poppins;\">Crown MT1200<\/span><\/td>\n<td><span style=\"font-family: Poppins;\">2x500W\/2 ohm<\/span><\/td>\n<td><span style=\"font-family: Poppins;\">35&nbsp;600&nbsp;K\u010d<\/span><\/td>\n<td><span style=\"font-family: Poppins;\">10000<\/span><\/td>\n<td width=\"76\"><span style=\"font-family: Poppins;\">3<\/span><\/td>\n<\/tr>\n<tr>\n<td><span style=\"font-family: Poppins;\">zesilova\u010d<\/span><\/td>\n<td><span style=\"font-family: Poppins;\">QSC RMX 1450<\/span><\/td>\n<td><span style=\"font-family: Poppins;\">2x750W\/2 ohm<\/span><\/td>\n<td><span style=\"font-family: Poppins;\">16&nbsp;515&nbsp;K\u010d<\/span><\/td>\n<td><span style=\"font-family: Poppins;\">5000<\/span><\/td>\n<td width=\"76\"><span style=\"font-family: Poppins;\">1<\/span><\/td>\n<\/tr>\n<tr>\n<td><span style=\"font-family: Poppins;\">zesilova\u010d<\/span><\/td>\n<td><span style=\"font-family: Poppins;\">QSC RMX 850<\/span><\/td>\n<td><span style=\"font-family: Poppins;\">2x420W\/2 ohm<\/span><\/td>\n<td><span style=\"font-family: Poppins;\">10&nbsp;086&nbsp;K\u010d<\/span><\/td>\n<td><span style=\"font-family: Poppins;\">4000<\/span><\/td>\n<td width=\"76\"><span style=\"font-family: Poppins;\">2<\/span><\/td>\n<\/tr>\n<tr>\n<td><span style=\"font-family: Poppins;\">EQ<\/span><\/td>\n<td><span style=\"font-family: Poppins;\">DBX 1231<\/span><\/td>\n<td><span style=\"font-family: Poppins;\">2x 30 EQ<\/span><\/td>\n<td><span style=\"font-family: Poppins;\">21&nbsp;900&nbsp;K\u010d<\/span><\/td>\n<td><span style=\"font-family: Poppins;\">4500<\/span><\/td>\n<td width=\"76\"><span style=\"font-family: Poppins;\">6<\/span><\/td>\n<\/tr>\n<tr>\n<td><span style=\"font-family: Poppins;\">com.\/lim.<\/span><\/td>\n<td><span style=\"font-family: Poppins;\">DBX 166 XL<\/span><\/td>\n<td><span style=\"font-family: Poppins;\">stereo com\/lim. gate<\/span><\/td>\n<td><span style=\"font-family: Poppins;\">12&nbsp;513&nbsp;K\u010d<\/span><\/td>\n<td><span style=\"font-family: Poppins;\">3800<\/span><\/td>\n<td width=\"76\"><span style=\"font-family: Poppins;\">5<\/span><\/td>\n<\/tr>\n<tr>\n<td><span style=\"font-family: Poppins;\">com.\/lim.<\/span><\/td>\n<td><span style=\"font-family: Poppins;\">DBX 226 XL<\/span><\/td>\n<td><span style=\"font-family: Poppins;\">stereo com\/lim. gate<\/span><\/td>\n<td><span style=\"font-family: Poppins;\">6&nbsp;500&nbsp;K\u010d<\/span><\/td>\n<td><span style=\"font-family: Poppins;\">1500<\/span><\/td>\n<td width=\"76\"><span style=\"font-family: Poppins;\">1<\/span><\/td>\n<\/tr>\n<tr>\n<td><span style=\"font-family: Poppins;\">gate<\/span><\/td>\n<td><span style=\"font-family: Poppins;\">Drawmer 201B<\/span><\/td>\n<td><span style=\"font-family: Poppins;\">Stereo gate<\/span><\/td>\n<td><span style=\"font-family: Poppins;\">21&nbsp;615&nbsp;K\u010d<\/span><\/td>\n<td><span style=\"font-family: Poppins;\">8000<\/span><\/td>\n<td width=\"76\"><span style=\"font-family: Poppins;\">1<\/span><\/td>\n<\/tr>\n<tr>\n<td><span style=\"font-family: Poppins;\">gate<\/span><\/td>\n<td><span style=\"font-family: Poppins;\">Drawmer 404<\/span><\/td>\n<td><span style=\"font-family: Poppins;\">gate 4x<\/span><\/td>\n<td><span style=\"font-family: Poppins;\">38&nbsp;500&nbsp;K\u010d<\/span><\/td>\n<td><span style=\"font-family: Poppins;\">15000<\/span><\/td>\n<td width=\"76\"><span style=\"font-family: Poppins;\">2<\/span><\/td>\n<\/tr>\n<tr>\n<td><span style=\"font-family: Poppins;\">efekt processor<\/span><\/td>\n<td><span style=\"font-family: Poppins;\">Yamaha Pro R3<\/span><\/td>\n<td><span style=\"font-family: Poppins;\">hight and hall procesor<\/span><\/td>\n<td><span style=\"font-family: Poppins;\">46&nbsp;300&nbsp;K\u010d<\/span><\/td>\n<td><span style=\"font-family: Poppins;\">15000<\/span><\/td>\n<td width=\"76\"><span style=\"font-family: Poppins;\">1<\/span><\/td>\n<\/tr>\n<tr>\n<td><span style=\"font-family: Poppins;\">efekt processor<\/span><\/td>\n<td><span style=\"font-family: Poppins;\">Yamaha SPX990<\/span><\/td>\n<td><span style=\"font-family: Poppins;\">multiefekt procesor<\/span><\/td>\n<td><span style=\"font-family: Poppins;\">41&nbsp;320&nbsp;K\u010d<\/span><\/td>\n<td><span style=\"font-family: Poppins;\">12000<\/span><\/td>\n<td width=\"76\"><span style=\"font-family: Poppins;\">2<\/span><\/td>\n<\/tr>\n<tr>\n<td><span style=\"font-family: Poppins;\">efekt processor<\/span><\/td>\n<td><span style=\"font-family: Poppins;\">Digitech TSR 24<\/span><\/td>\n<td><span style=\"font-family: Poppins;\">multiefekt qadro<\/span><\/td>\n<td><span style=\"font-family: Poppins;\">37&nbsp;562&nbsp;K\u010d<\/span><\/td>\n<td><span style=\"font-family: Poppins;\">5000<\/span><\/td>\n<td width=\"76\"><span style=\"font-family: Poppins;\">1<\/span><\/td>\n<\/tr>\n<tr>\n<td><span style=\"font-family: Poppins;\">dig. delay<\/span><\/td>\n<td><span style=\"font-family: Poppins;\">Roland SDE 2500<\/span><\/td>\n<td><span style=\"font-family: Poppins;\">digital delay<\/span><\/td>\n<td><span style=\"font-family: Poppins;\">18&nbsp;950&nbsp;K\u010d<\/span><\/td>\n<td><span style=\"font-family: Poppins;\">3000<\/span><\/td>\n<td width=\"76\"><span style=\"font-family: Poppins;\">1<\/span><\/td>\n<\/tr>\n<tr>\n<td><span style=\"font-family: Poppins;\">bezdr\u00e1tov\u00fd mik.<\/span><\/td>\n<td><span style=\"font-family: Poppins;\">Shure ULX \/SM58<\/span><\/td>\n<td><span style=\"font-family: Poppins;\">bezdr\u00e1t. Mikrofon kond.<\/span><\/td>\n<td><span style=\"font-family: Poppins;\">58&nbsp;900&nbsp;K\u010d<\/span><\/td>\n<td><span style=\"font-family: Poppins;\">15000<\/span><\/td>\n<td width=\"76\"><span style=\"font-family: Poppins;\">6<\/span><\/td>\n<\/tr>\n<tr>\n<td><span style=\"font-family: Poppins;\">bezdr\u00e1tov\u00fd mik.<\/span><\/td>\n<td><span style=\"font-family: Poppins;\">Shure UC \/SM58<\/span><\/td>\n<td><span style=\"font-family: Poppins;\">bezdr\u00e1t. Mikrofon kond.<\/span><\/td>\n<td><span style=\"font-family: Poppins;\">46&nbsp;800&nbsp;K\u010d<\/span><\/td>\n<td><span style=\"font-family: Poppins;\">12500<\/span><\/td>\n<td width=\"76\"><span style=\"font-family: Poppins;\">2<\/span><\/td>\n<\/tr>\n<tr>\n<td><span style=\"font-family: Poppins;\">bezdr\u00e1tov\u00fd mik.<\/span><\/td>\n<td><span style=\"font-family: Poppins;\">Sennheiser &#8211; 945<\/span><\/td>\n<td><span style=\"font-family: Poppins;\">bezdr\u00e1t. Mikrofon s&nbsp;945<\/span><\/td>\n<td><span style=\"font-family: Poppins;\">34&nbsp;850&nbsp;K\u010d<\/span><\/td>\n<td><span style=\"font-family: Poppins;\">13500<\/span><\/td>\n<td width=\"76\"><span style=\"font-family: Poppins;\">6<\/span><\/td>\n<\/tr>\n<tr>\n<td><span style=\"font-family: Poppins;\">reprobox high Q<\/span><\/td>\n<td><span style=\"font-family: Poppins;\">EAW KF 750<\/span><\/td>\n<td><span style=\"font-family: Poppins;\">full-range 3way-aktiv 1800W<\/span><\/td>\n<td><span style=\"font-family: Poppins;\">174&nbsp;150&nbsp;K\u010d<\/span><\/td>\n<td><span style=\"font-family: Poppins;\">50000<\/span><\/td>\n<td width=\"76\"><span style=\"font-family: Poppins;\">12<\/span><\/td>\n<\/tr>\n<tr>\n<td><span style=\"font-family: Poppins;\">reprobox high Q<\/span><\/td>\n<td><span style=\"font-family: Poppins;\">EAW KF 755 downfield<\/span><\/td>\n<td><span style=\"font-family: Poppins;\">full-range 3way-aktiv 1200W<\/span><\/td>\n<td><span style=\"font-family: Poppins;\">171&nbsp;342&nbsp;K\u010d<\/span><\/td>\n<td><span style=\"font-family: Poppins;\">50000<\/span><\/td>\n<td width=\"76\"><span style=\"font-family: Poppins;\">10<\/span><\/td>\n<\/tr>\n<tr>\n<td><span style=\"font-family: Poppins;\">subbas box<\/span><\/td>\n<td><span style=\"font-family: Poppins;\">EAW SB 1000<\/span><\/td>\n<td><span style=\"font-family: Poppins;\">subbas 2000W (2&#215;18&#8243;)<\/span><\/td>\n<td><span style=\"font-family: Poppins;\">85&nbsp;374&nbsp;K\u010d<\/span><\/td>\n<td><span style=\"font-family: Poppins;\">30000<\/span><\/td>\n<td width=\"76\"><span style=\"font-family: Poppins;\">32<\/span><\/td>\n<\/tr>\n<tr>\n<td><span style=\"font-family: Poppins;\">reprobox<\/span><\/td>\n<td><span style=\"font-family: Poppins;\">EAW LA 212<\/span><\/td>\n<td><span style=\"font-family: Poppins;\">kompakt\/monitor 12&#8243;+2&#8243; \/500W<\/span><\/td>\n<td><span style=\"font-family: Poppins;\">41&nbsp;148&nbsp;K\u010d<\/span><\/td>\n<td><span style=\"font-family: Poppins;\">20000<\/span><\/td>\n<td width=\"76\"><span style=\"font-family: Poppins;\">50<\/span><\/td>\n<\/tr>\n<tr>\n<td><span style=\"font-family: Poppins;\">stage monitor<\/span><\/td>\n<td><span style=\"font-family: Poppins;\">EAW SM 84<\/span><\/td>\n<td><span style=\"font-family: Poppins;\">monitor 4&#215;8&#8243;+1,4&#8243; \/1000W<\/span><\/td>\n<td><span style=\"font-family: Poppins;\">82&nbsp;890&nbsp;K\u010d<\/span><\/td>\n<td><span style=\"font-family: Poppins;\">25000<\/span><\/td>\n<td width=\"76\"><span style=\"font-family: Poppins;\">12<\/span><\/td>\n<\/tr>\n<\/tbody>\n<\/table>\n<p>&nbsp;<\/p>\n<p><span style=\"font-family: Poppins;\">Cen\u00edk prodeje sv\u011bteln\u00e9 aparatury za zbytkov\u00e9 ceny:<\/span><\/p>\n<table width=\"0\">\n<tbody>\n<tr>\n<td width=\"99\"><span style=\"font-family: Poppins;\">druh<\/span><\/td>\n<td width=\"155\"><span style=\"font-family: Poppins;\">typ<\/span><\/td>\n<td width=\"182\"><span style=\"font-family: Poppins;\">popis<\/span><\/td>\n<td width=\"93\"><span style=\"font-family: Poppins;\">po\u0159izovac\u00ed cena<\/span><\/td>\n<td width=\"90\"><span style=\"font-family: Poppins;\">prodejn\u00ed cena<\/span><\/td>\n<td width=\"41\"><span style=\"font-family: Poppins;\">po\u010det<\/span><\/td>\n<\/tr>\n<tr>\n<td><span style=\"font-family: Poppins;\">ty\u010d 4x PAR64<\/span><\/td>\n<td><span style=\"font-family: Poppins;\">4x PAR 64 \/ 1000W<\/span><\/td>\n<td><span style=\"font-family: Poppins;\">ty\u010d v\u010detn\u011b stm\u00edva\u010d\u016f 4xPAR64<\/span><\/td>\n<td><span style=\"font-family: Poppins;\">22&nbsp;500&nbsp;K\u010d<\/span><\/td>\n<td><span style=\"font-family: Poppins;\">7600<\/span><\/td>\n<td><span style=\"font-family: Poppins;\">10<\/span><\/td>\n<\/tr>\n<tr>\n<td><span style=\"font-family: Poppins;\">ty\u010d 4x PAR56<\/span><\/td>\n<td><span style=\"font-family: Poppins;\">4x PAR 56 \/ 300W<\/span><\/td>\n<td><span style=\"font-family: Poppins;\">ty\u010d v\u010detn\u011b stm\u00edva\u010d\u016f 4xPAR56<\/span><\/td>\n<td><span style=\"font-family: Poppins;\">18&nbsp;500&nbsp;K\u010d<\/span><\/td>\n<td><span style=\"font-family: Poppins;\">7600<\/span><\/td>\n<td><span style=\"font-family: Poppins;\">4<\/span><\/td>\n<\/tr>\n<tr>\n<td><span style=\"font-family: Poppins;\">reflektor<\/span><\/td>\n<td><span style=\"font-family: Poppins;\">folowspot &#8211; v\u00fdbojkov\u00fd<\/span><\/td>\n<td><span style=\"font-family: Poppins;\">MSR 1200 \/ 1200W<\/span><\/td>\n<td><span style=\"font-family: Poppins;\">56&nbsp;800&nbsp;K\u010d<\/span><\/td>\n<td><span style=\"font-family: Poppins;\">12000<\/span><\/td>\n<td><span style=\"font-family: Poppins;\">2<\/span><\/td>\n<\/tr>\n<tr>\n<td><span style=\"font-family: Poppins;\">STROBO<\/span><\/td>\n<td><span style=\"font-family: Poppins;\">MARTIN ATOMIC<\/span><\/td>\n<td><span style=\"font-family: Poppins;\">3000W<\/span><\/td>\n<td><span style=\"font-family: Poppins;\">25&nbsp;890&nbsp;K\u010d<\/span><\/td>\n<td><span style=\"font-family: Poppins;\">6500<\/span><\/td>\n<td><span style=\"font-family: Poppins;\">2<\/span><\/td>\n<\/tr>\n<tr>\n<td><span style=\"font-family: Poppins;\">moving head<\/span><\/td>\n<td><span style=\"font-family: Poppins;\">LASERWORLD<\/span><\/td>\n<td><span style=\"font-family: Poppins;\">36x 1W LED<\/span><\/td>\n<td><span style=\"font-family: Poppins;\">25&nbsp;600&nbsp;K\u010d<\/span><\/td>\n<td><span style=\"font-family: Poppins;\">5000<\/span><\/td>\n<td><span style=\"font-family: Poppins;\">4<\/span><\/td>\n<\/tr>\n<tr>\n<td><span style=\"font-family: Poppins;\">moving head<\/span><\/td>\n<td><span style=\"font-family: Poppins;\">Futurelight 710 spot<\/span><\/td>\n<td><span style=\"font-family: Poppins;\">MSD 700<\/span><\/td>\n<td><span style=\"font-family: Poppins;\">85&nbsp;600&nbsp;K\u010d<\/span><\/td>\n<td><span style=\"font-family: Poppins;\">21000<\/span><\/td>\n<td><span style=\"font-family: Poppins;\">4<\/span><\/td>\n<\/tr>\n<tr>\n<td><span style=\"font-family: Poppins;\">moving head<\/span><\/td>\n<td><span style=\"font-family: Poppins;\">Futurelight MH 860 spot<\/span><\/td>\n<td><span style=\"font-family: Poppins;\">MSD 575<\/span><\/td>\n<td><span style=\"font-family: Poppins;\">112&nbsp;000&nbsp;K\u010d<\/span><\/td>\n<td><span style=\"font-family: Poppins;\">15000<\/span><\/td>\n<td><span style=\"font-family: Poppins;\">4<\/span><\/td>\n<\/tr>\n<tr>\n<td><span style=\"font-family: Poppins;\">ovl\u00e1dac\u00ed pult<\/span><\/td>\n<td><span style=\"font-family: Poppins;\">GLP 48 chanel<\/span><\/td>\n<td><span style=\"font-family: Poppins;\">DMX ovlada\u010d -48kan\u00e1l\u016f<\/span><\/td>\n<td><span style=\"font-family: Poppins;\">10&nbsp;500&nbsp;K\u010d<\/span><\/td>\n<td><span style=\"font-family: Poppins;\">3000<\/span><\/td>\n<td><span style=\"font-family: Poppins;\">4<\/span><\/td>\n<\/tr>\n<\/tbody>\n<\/table>\n<p>[\/vc_wp_text][\/vc_column][\/vc_row]<\/p>\n","protected":false},"excerpt":{"rendered":"<p>[vc_row][vc_column][vc_empty_space height=&#8220;80px&#8220;][\/vc_column][\/vc_row][vc_row][vc_column][gymnaz_heading icon_fontawesome=&#8220;fa fa-refresh&#8220; title=&#8220;Prodej pou\u017eit\u00e9 techniky&#8220; description=&#8220;Cen\u00edky prodeje zvukov\u00e9 a sv\u011bteln\u00e9 aparatury za zbytkov\u00e9 ceny&#8220;][\/vc_column][\/vc_row][vc_row][vc_column][vc_wp_text] Cen\u00edk prodeje zvukov\u00e9 aparatury za zbytkov\u00e9 ceny: druh typ popis po\u0159izovac\u00ed cena prodejn\u00ed cena po\u010det mixpult+zdroj+ case YAMAHA M3000&nbsp;44\/16\/2&nbsp;40\/4\/16\/2&nbsp;485&nbsp;600&nbsp;K\u010d 60000&nbsp;1 mixpult+zdroj+ case YAMAHA M2500&nbsp;44\/14\/2&nbsp;40\/4\/14\/3&nbsp;312&nbsp;940&nbsp;K\u010d 45000&nbsp;1 digital mixpult+case Yamaha 01V96 +ADAT 40\/8\/2 digital mix, [&hellip;]<\/p>\n","protected":false},"author":2,"featured_media":0,"parent":0,"menu_order":4,"comment_status":"closed","ping_status":"closed","template":"","meta":[],"_links":{"self":[{"href":"https:\/\/www.dubensound.cz\/index.php?rest_route=\/wp\/v2\/pages\/39"}],"collection":[{"href":"https:\/\/www.dubensound.cz\/index.php?rest_route=\/wp\/v2\/pages"}],"about":[{"href":"https:\/\/www.dubensound.cz\/index.php?rest_route=\/wp\/v2\/types\/page"}],"author":[{"embeddable":true,"href":"https:\/\/www.dubensound.cz\/index.php?rest_route=\/wp\/v2\/users\/2"}],"replies":[{"embeddable":true,"href":"https:\/\/www.dubensound.cz\/index.php?rest_route=%2Fwp%2Fv2%2Fcomments&post=39"}],"version-history":[{"count":14,"href":"https:\/\/www.dubensound.cz\/index.php?rest_route=\/wp\/v2\/pages\/39\/revisions"}],"predecessor-version":[{"id":3312,"href":"https:\/\/www.dubensound.cz\/index.php?rest_route=\/wp\/v2\/pages\/39\/revisions\/3312"}],"wp:attachment":[{"href":"https:\/\/www.dubensound.cz\/index.php?rest_route=%2Fwp%2Fv2%2Fmedia&parent=39"}],"curies":[{"name":"wp","href":"https:\/\/api.w.org\/{rel}","templated":true}]}}