{"id":43,"date":"2022-03-07T09:21:11","date_gmt":"2022-03-07T09:21:11","guid":{"rendered":"https:\/\/www.dubensound.cz\/?page_id=43"},"modified":"2022-05-02T18:53:46","modified_gmt":"2022-05-02T18:53:46","slug":"ke-stazeni","status":"publish","type":"page","link":"https:\/\/www.dubensound.cz\/?page_id=43","title":{"rendered":"KE STA\u017dEN\u00cd"},"content":{"rendered":"<p>[vc_row][vc_column][vc_empty_space height=&#8220;80px&#8220;][\/vc_column][vc_column][gymnaz_heading icon_fontawesome=&#8220;fa fa-download&#8220; title=&#8220;N\u00ed\u017ee m\u016f\u017eete st\u00e1hnout logo DUBEN SOUND COMPANY&#8220;][vc_row_inner][vc_column_inner width=&#8220;1\/3&#8243;][siteorigin_widget_vc so_widget_data=&#8220;{&amp;quot;widget_class&amp;quot;:&amp;quot;SiteOrigin_Widget_Editor_Widget&amp;quot;,&amp;quot;widget_data&amp;quot;:{&amp;quot;title&amp;quot;:&amp;quot;DSC logo &#8211; black&amp;quot;,&amp;quot;text&amp;quot;:&amp;quot;&amp;lt;p&amp;gt;&amp;lt;a href=\\\\&amp;quot;https:\\\\\/\\\\\/dubensound.cz\\\\\/wp-content\\\\\/uploads\\\\\/loga\\\\\/dsc_logo_black.zip\\\\&amp;quot; target=\\\\&amp;quot;_blank\\\\&amp;quot; rel=\\\\&amp;quot;noopener\\\\&amp;quot;&amp;gt;&amp;lt;img class=\\\\&amp;quot;alignnone size-full wp-image-3251 aligncenter\\\\&amp;quot; src=\\\\&amp;quot;https:\\\\\/\\\\\/www.dubensound.cz\\\\\/wp-content\\\\\/uploads\\\\\/2022\\\\\/04\\\\\/ai.png\\\\&amp;quot; alt=\\\\&amp;quot;\\\\&amp;quot; width=\\\\&amp;quot;126\\\\&amp;quot; height=\\\\&amp;quot;132\\\\&amp;quot; \\\\\/&amp;gt;&amp;lt;\\\\\/a&amp;gt;&amp;lt;\\\\\/p&amp;gt;\\\\n&amp;quot;,&amp;quot;text_selected_editor&amp;quot;:&amp;quot;tinymce&amp;quot;,&amp;quot;autop&amp;quot;:true,&amp;quot;_sow_form_id&amp;quot;:&amp;quot;171484360762617532c8ded315256359&amp;quot;,&amp;quot;_sow_form_timestamp&amp;quot;:&amp;quot;1650555857240&amp;quot;}}&#8220;][\/vc_column_inner][vc_column_inner width=&#8220;1\/3&#8243;][siteorigin_widget_vc so_widget_data=&#8220;{&amp;quot;widget_class&amp;quot;:&amp;quot;SiteOrigin_Widget_Editor_Widget&amp;quot;,&amp;quot;widget_data&amp;quot;:{&amp;quot;title&amp;quot;:&amp;quot;DSC logo &#8211; black&amp;quot;,&amp;quot;text&amp;quot;:&amp;quot;&amp;lt;p&amp;gt;&amp;lt;a href=\\\\&amp;quot;https:\\\\\/\\\\\/dubensound.cz\\\\\/wp-content\\\\\/uploads\\\\\/loga\\\\\/dsc_logo_black.pdf\\\\&amp;quot; target=\\\\&amp;quot;_blank\\\\&amp;quot; rel=\\\\&amp;quot;noopener\\\\&amp;quot;&amp;gt;&amp;lt;img class=\\\\&amp;quot;size-full wp-image-3253 aligncenter\\\\&amp;quot; src=\\\\&amp;quot;https:\\\\\/\\\\\/www.dubensound.cz\\\\\/wp-content\\\\\/uploads\\\\\/2022\\\\\/04\\\\\/pdf.png\\\\&amp;quot; alt=\\\\&amp;quot;\\\\&amp;quot; width=\\\\&amp;quot;128\\\\&amp;quot; height=\\\\&amp;quot;130\\\\&amp;quot; \\\\\/&amp;gt;&amp;lt;\\\\\/a&amp;gt;&amp;lt;\\\\\/p&amp;gt;\\\\n&amp;quot;,&amp;quot;text_selected_editor&amp;quot;:&amp;quot;tinymce&amp;quot;,&amp;quot;autop&amp;quot;:true,&amp;quot;_sow_form_id&amp;quot;:&amp;quot;171484360762617532c8ded315256359&amp;quot;,&amp;quot;_sow_form_timestamp&amp;quot;:&amp;quot;1650555866535&amp;quot;}}&#8220;][\/vc_column_inner][vc_column_inner width=&#8220;1\/3&#8243;][siteorigin_widget_vc so_widget_data=&#8220;{&amp;quot;widget_class&amp;quot;:&amp;quot;SiteOrigin_Widget_Editor_Widget&amp;quot;,&amp;quot;widget_data&amp;quot;:{&amp;quot;title&amp;quot;:&amp;quot;DSC logo &#8211; black&amp;quot;,&amp;quot;text&amp;quot;:&amp;quot;&amp;lt;p&amp;gt;&amp;lt;a href=\\\\&amp;quot;https:\\\\\/\\\\\/dubensound.cz\\\\\/wp-content\\\\\/uploads\\\\\/loga\\\\\/dsc_logo_black.svg\\\\&amp;quot; target=\\\\&amp;quot;_blank\\\\&amp;quot; rel=\\\\&amp;quot;noopener\\\\&amp;quot;&amp;gt;&amp;lt;img class=\\\\&amp;quot;aligncenter wp-image-3256 size-full\\\\&amp;quot; src=\\\\&amp;quot;https:\\\\\/\\\\\/www.dubensound.cz\\\\\/wp-content\\\\\/uploads\\\\\/2022\\\\\/04\\\\\/svg.png\\\\&amp;quot; alt=\\\\&amp;quot;\\\\&amp;quot; width=\\\\&amp;quot;129\\\\&amp;quot; height=\\\\&amp;quot;130\\\\&amp;quot; \\\\\/&amp;gt;&amp;lt;\\\\\/a&amp;gt;&amp;lt;\\\\\/p&amp;gt;\\\\n&amp;quot;,&amp;quot;text_selected_editor&amp;quot;:&amp;quot;tinymce&amp;quot;,&amp;quot;autop&amp;quot;:true,&amp;quot;_sow_form_id&amp;quot;:&amp;quot;171484360762617532c8ded315256359&amp;quot;,&amp;quot;_sow_form_timestamp&amp;quot;:&amp;quot;1650555872743&amp;quot;}}&#8220;][\/vc_column_inner][\/vc_row_inner][\/vc_column][\/vc_row][vc_row][vc_column][vc_empty_space height=&#8220;80px&#8220;][vc_row_inner][vc_column_inner width=&#8220;1\/3&#8243;][siteorigin_widget_vc so_widget_data=&#8220;{&amp;quot;widget_class&amp;quot;:&amp;quot;SiteOrigin_Widget_Editor_Widget&amp;quot;,&amp;quot;widget_data&amp;quot;:{&amp;quot;title&amp;quot;:&amp;quot;DSC logo &#8211; white&amp;quot;,&amp;quot;text&amp;quot;:&amp;quot;&amp;lt;p&amp;gt;&amp;lt;a href=\\\\&amp;quot;https:\\\\\/\\\\\/dubensound.cz\\\\\/wp-content\\\\\/uploads\\\\\/loga\\\\\/dsc_logo_white.zip\\\\&amp;quot; target=\\\\&amp;quot;_blank\\\\&amp;quot; rel=\\\\&amp;quot;noopener\\\\&amp;quot;&amp;gt;&amp;lt;img class=\\\\&amp;quot;alignnone size-full wp-image-3251 aligncenter\\\\&amp;quot; src=\\\\&amp;quot;https:\\\\\/\\\\\/www.dubensound.cz\\\\\/wp-content\\\\\/uploads\\\\\/2022\\\\\/04\\\\\/ai.png\\\\&amp;quot; alt=\\\\&amp;quot;\\\\&amp;quot; width=\\\\&amp;quot;126\\\\&amp;quot; height=\\\\&amp;quot;132\\\\&amp;quot; \\\\\/&amp;gt;&amp;lt;\\\\\/a&amp;gt;&amp;lt;\\\\\/p&amp;gt;\\\\n&amp;quot;,&amp;quot;text_selected_editor&amp;quot;:&amp;quot;tinymce&amp;quot;,&amp;quot;autop&amp;quot;:true,&amp;quot;_sow_form_id&amp;quot;:&amp;quot;171484360762617532c8ded315256359&amp;quot;,&amp;quot;_sow_form_timestamp&amp;quot;:&amp;quot;1650555886871&amp;quot;}}&#8220;][\/vc_column_inner][vc_column_inner width=&#8220;1\/3&#8243;][siteorigin_widget_vc so_widget_data=&#8220;{&amp;quot;widget_class&amp;quot;:&amp;quot;SiteOrigin_Widget_Editor_Widget&amp;quot;,&amp;quot;widget_data&amp;quot;:{&amp;quot;title&amp;quot;:&amp;quot;DSC logo &#8211; white&amp;quot;,&amp;quot;text&amp;quot;:&amp;quot;&amp;lt;p&amp;gt;&amp;lt;a href=\\\\&amp;quot;https:\\\\\/\\\\\/dubensound.cz\\\\\/wp-content\\\\\/uploads\\\\\/loga\\\\\/dsc_logo_white.pdf\\\\&amp;quot; target=\\\\&amp;quot;_blank\\\\&amp;quot; rel=\\\\&amp;quot;noopener\\\\&amp;quot;&amp;gt;&amp;lt;img class=\\\\&amp;quot;size-full wp-image-3253 aligncenter\\\\&amp;quot; src=\\\\&amp;quot;https:\\\\\/\\\\\/www.dubensound.cz\\\\\/wp-content\\\\\/uploads\\\\\/2022\\\\\/04\\\\\/pdf.png\\\\&amp;quot; alt=\\\\&amp;quot;\\\\&amp;quot; width=\\\\&amp;quot;128\\\\&amp;quot; height=\\\\&amp;quot;130\\\\&amp;quot; \\\\\/&amp;gt;&amp;lt;\\\\\/a&amp;gt;&amp;lt;\\\\\/p&amp;gt;\\\\n&amp;quot;,&amp;quot;text_selected_editor&amp;quot;:&amp;quot;tinymce&amp;quot;,&amp;quot;autop&amp;quot;:true,&amp;quot;_sow_form_id&amp;quot;:&amp;quot;171484360762617532c8ded315256359&amp;quot;,&amp;quot;_sow_form_timestamp&amp;quot;:&amp;quot;1650555892686&amp;quot;}}&#8220;][\/vc_column_inner][vc_column_inner width=&#8220;1\/3&#8243;][siteorigin_widget_vc so_widget_data=&#8220;{&amp;quot;widget_class&amp;quot;:&amp;quot;SiteOrigin_Widget_Editor_Widget&amp;quot;,&amp;quot;widget_data&amp;quot;:{&amp;quot;title&amp;quot;:&amp;quot;DSC logo &#8211; white&amp;quot;,&amp;quot;text&amp;quot;:&amp;quot;&amp;lt;p&amp;gt;&amp;lt;a href=\\\\&amp;quot;https:\\\\\/\\\\\/dubensound.cz\\\\\/wp-content\\\\\/uploads\\\\\/loga\\\\\/dsc_logo_white.svg\\\\&amp;quot; target=\\\\&amp;quot;_blank\\\\&amp;quot; rel=\\\\&amp;quot;noopener\\\\&amp;quot;&amp;gt;&amp;lt;img class=\\\\&amp;quot;aligncenter wp-image-3256 size-full\\\\&amp;quot; src=\\\\&amp;quot;https:\\\\\/\\\\\/www.dubensound.cz\\\\\/wp-content\\\\\/uploads\\\\\/2022\\\\\/04\\\\\/svg.png\\\\&amp;quot; alt=\\\\&amp;quot;\\\\&amp;quot; width=\\\\&amp;quot;129\\\\&amp;quot; height=\\\\&amp;quot;130\\\\&amp;quot; \\\\\/&amp;gt;&amp;lt;\\\\\/a&amp;gt;&amp;lt;\\\\\/p&amp;gt;\\\\n&amp;quot;,&amp;quot;text_selected_editor&amp;quot;:&amp;quot;tinymce&amp;quot;,&amp;quot;autop&amp;quot;:true,&amp;quot;_sow_form_id&amp;quot;:&amp;quot;171484360762617532c8ded315256359&amp;quot;,&amp;quot;_sow_form_timestamp&amp;quot;:&amp;quot;1650555897783&amp;quot;}}&#8220;][\/vc_column_inner][\/vc_row_inner][\/vc_column][\/vc_row]<\/p>\n","protected":false},"excerpt":{"rendered":"<p>[vc_row][vc_column][vc_empty_space height=&#8220;80px&#8220;][\/vc_column][vc_column][gymnaz_heading icon_fontawesome=&#8220;fa fa-download&#8220; title=&#8220;N\u00ed\u017ee m\u016f\u017eete st\u00e1hnout logo DUBEN SOUND COMPANY&#8220;][vc_row_inner][vc_column_inner width=&#8220;1\/3&#8243;][siteorigin_widget_vc so_widget_data=&#8220;{&amp;quot;widget_class&amp;quot;:&amp;quot;SiteOrigin_Widget_Editor_Widget&amp;quot;,&amp;quot;widget_data&amp;quot;:{&amp;quot;title&amp;quot;:&amp;quot;DSC logo &#8211; black&amp;quot;,&amp;quot;text&amp;quot;:&amp;quot;&amp;lt;p&amp;gt;&amp;lt;a href=\\\\&amp;quot;https:\\\\\/\\\\\/dubensound.cz\\\\\/wp-content\\\\\/uploads\\\\\/loga\\\\\/dsc_logo_black.zip\\\\&amp;quot; target=\\\\&amp;quot;_blank\\\\&amp;quot; rel=\\\\&amp;quot;noopener\\\\&amp;quot;&amp;gt;&amp;lt;img class=\\\\&amp;quot;alignnone size-full wp-image-3251 aligncenter\\\\&amp;quot; src=\\\\&amp;quot;https:\\\\\/\\\\\/www.dubensound.cz\\\\\/wp-content\\\\\/uploads\\\\\/2022\\\\\/04\\\\\/ai.png\\\\&amp;quot; alt=\\\\&amp;quot;\\\\&amp;quot; width=\\\\&amp;quot;126\\\\&amp;quot; height=\\\\&amp;quot;132\\\\&amp;quot; \\\\\/&amp;gt;&amp;lt;\\\\\/a&amp;gt;&amp;lt;\\\\\/p&amp;gt;\\\\n&amp;quot;,&amp;quot;text_selected_editor&amp;quot;:&amp;quot;tinymce&amp;quot;,&amp;quot;autop&amp;quot;:true,&amp;quot;_sow_form_id&amp;quot;:&amp;quot;171484360762617532c8ded315256359&amp;quot;,&amp;quot;_sow_form_timestamp&amp;quot;:&amp;quot;1650555857240&amp;quot;}}&#8220;][\/vc_column_inner][vc_column_inner width=&#8220;1\/3&#8243;][siteorigin_widget_vc so_widget_data=&#8220;{&amp;quot;widget_class&amp;quot;:&amp;quot;SiteOrigin_Widget_Editor_Widget&amp;quot;,&amp;quot;widget_data&amp;quot;:{&amp;quot;title&amp;quot;:&amp;quot;DSC logo &#8211; black&amp;quot;,&amp;quot;text&amp;quot;:&amp;quot;&amp;lt;p&amp;gt;&amp;lt;a href=\\\\&amp;quot;https:\\\\\/\\\\\/dubensound.cz\\\\\/wp-content\\\\\/uploads\\\\\/loga\\\\\/dsc_logo_black.pdf\\\\&amp;quot; target=\\\\&amp;quot;_blank\\\\&amp;quot; rel=\\\\&amp;quot;noopener\\\\&amp;quot;&amp;gt;&amp;lt;img class=\\\\&amp;quot;size-full wp-image-3253 aligncenter\\\\&amp;quot; src=\\\\&amp;quot;https:\\\\\/\\\\\/www.dubensound.cz\\\\\/wp-content\\\\\/uploads\\\\\/2022\\\\\/04\\\\\/pdf.png\\\\&amp;quot; alt=\\\\&amp;quot;\\\\&amp;quot; width=\\\\&amp;quot;128\\\\&amp;quot; height=\\\\&amp;quot;130\\\\&amp;quot; \\\\\/&amp;gt;&amp;lt;\\\\\/a&amp;gt;&amp;lt;\\\\\/p&amp;gt;\\\\n&amp;quot;,&amp;quot;text_selected_editor&amp;quot;:&amp;quot;tinymce&amp;quot;,&amp;quot;autop&amp;quot;:true,&amp;quot;_sow_form_id&amp;quot;:&amp;quot;171484360762617532c8ded315256359&amp;quot;,&amp;quot;_sow_form_timestamp&amp;quot;:&amp;quot;1650555866535&amp;quot;}}&#8220;][\/vc_column_inner][vc_column_inner width=&#8220;1\/3&#8243;][siteorigin_widget_vc so_widget_data=&#8220;{&amp;quot;widget_class&amp;quot;:&amp;quot;SiteOrigin_Widget_Editor_Widget&amp;quot;,&amp;quot;widget_data&amp;quot;:{&amp;quot;title&amp;quot;:&amp;quot;DSC logo &#8211; black&amp;quot;,&amp;quot;text&amp;quot;:&amp;quot;&amp;lt;p&amp;gt;&amp;lt;a href=\\\\&amp;quot;https:\\\\\/\\\\\/dubensound.cz\\\\\/wp-content\\\\\/uploads\\\\\/loga\\\\\/dsc_logo_black.svg\\\\&amp;quot; target=\\\\&amp;quot;_blank\\\\&amp;quot; rel=\\\\&amp;quot;noopener\\\\&amp;quot;&amp;gt;&amp;lt;img class=\\\\&amp;quot;aligncenter wp-image-3256 size-full\\\\&amp;quot; [&hellip;]<\/p>\n","protected":false},"author":2,"featured_media":0,"parent":0,"menu_order":6,"comment_status":"closed","ping_status":"closed","template":"","meta":[],"_links":{"self":[{"href":"https:\/\/www.dubensound.cz\/index.php?rest_route=\/wp\/v2\/pages\/43"}],"collection":[{"href":"https:\/\/www.dubensound.cz\/index.php?rest_route=\/wp\/v2\/pages"}],"about":[{"href":"https:\/\/www.dubensound.cz\/index.php?rest_route=\/wp\/v2\/types\/page"}],"author":[{"embeddable":true,"href":"https:\/\/www.dubensound.cz\/index.php?rest_route=\/wp\/v2\/users\/2"}],"replies":[{"embeddable":true,"href":"https:\/\/www.dubensound.cz\/index.php?rest_route=%2Fwp%2Fv2%2Fcomments&post=43"}],"version-history":[{"count":44,"href":"https:\/\/www.dubensound.cz\/index.php?rest_route=\/wp\/v2\/pages\/43\/revisions"}],"predecessor-version":[{"id":3289,"href":"https:\/\/www.dubensound.cz\/index.php?rest_route=\/wp\/v2\/pages\/43\/revisions\/3289"}],"wp:attachment":[{"href":"https:\/\/www.dubensound.cz\/index.php?rest_route=%2Fwp%2Fv2%2Fmedia&parent=43"}],"curies":[{"name":"wp","href":"https:\/\/api.w.org\/{rel}","templated":true}]}}